{"id":1468,"date":"2025-04-18T18:58:18","date_gmt":"2025-04-18T18:58:18","guid":{"rendered":"https:\/\/projeto-materias.pt\/?page_id=1468"},"modified":"2025-05-01T13:13:23","modified_gmt":"2025-05-01T13:13:23","slug":"media","status":"publish","type":"page","link":"https:\/\/projeto-materias.pt\/index.php\/media\/","title":{"rendered":"Media"},"content":{"rendered":"[vc_row type=&#8221;full_width_background&#8221; full_screen_row_position=&#8221;middle&#8221; column_margin=&#8221;default&#8221; column_direction=&#8221;default&#8221; column_direction_tablet=&#8221;default&#8221; column_direction_phone=&#8221;default&#8221; scene_position=&#8221;center&#8221; top_padding=&#8221;6%&#8221; constrain_group_1=&#8221;yes&#8221; bottom_padding=&#8221;6%&#8221; text_color=&#8221;dark&#8221; text_align=&#8221;left&#8221; row_border_radius=&#8221;none&#8221; row_border_radius_applies=&#8221;bg&#8221; overflow=&#8221;visible&#8221; overlay_strength=&#8221;0.3&#8243; gradient_direction=&#8221;left_to_right&#8221; shape_divider_position=&#8221;bottom&#8221; bg_image_animation=&#8221;none&#8221; gradient_type=&#8221;default&#8221; shape_type=&#8221;&#8221;][vc_column column_padding=&#8221;no-extra-padding&#8221; column_padding_tablet=&#8221;inherit&#8221; column_padding_phone=&#8221;inherit&#8221; column_padding_position=&#8221;all&#8221; column_element_direction_desktop=&#8221;default&#8221; column_element_spacing=&#8221;default&#8221; desktop_text_alignment=&#8221;default&#8221; tablet_text_alignment=&#8221;default&#8221; phone_text_alignment=&#8221;default&#8221; background_color_opacity=&#8221;1&#8243; background_hover_color_opacity=&#8221;1&#8243; column_backdrop_filter=&#8221;none&#8221; column_shadow=&#8221;none&#8221; column_border_radius=&#8221;none&#8221; column_link_target=&#8221;_self&#8221; column_position=&#8221;default&#8221; gradient_direction=&#8221;left_to_right&#8221; overlay_strength=&#8221;0.3&#8243; width=&#8221;1\/1&#8243; tablet_width_inherit=&#8221;default&#8221; animation_type=&#8221;default&#8221; bg_image_animation=&#8221;none&#8221; border_type=&#8221;simple&#8221; column_border_width=&#8221;none&#8221; column_border_style=&#8221;solid&#8221;][vc_row_inner column_margin=&#8221;default&#8221; column_direction=&#8221;default&#8221; column_direction_tablet=&#8221;default&#8221; column_direction_phone=&#8221;default&#8221; text_align=&#8221;left&#8221; row_position=&#8221;default&#8221; row_position_tablet=&#8221;inherit&#8221; row_position_phone=&#8221;inherit&#8221; overflow=&#8221;visible&#8221; pointer_events=&#8221;all&#8221;][vc_column_inner column_padding=&#8221;no-extra-padding&#8221; column_padding_tablet=&#8221;inherit&#8221; column_padding_phone=&#8221;inherit&#8221; column_padding_position=&#8221;all&#8221; column_element_direction_desktop=&#8221;default&#8221; column_element_spacing=&#8221;0px&#8221; desktop_text_alignment=&#8221;default&#8221; tablet_text_alignment=&#8221;default&#8221; phone_text_alignment=&#8221;default&#8221; background_color_opacity=&#8221;1&#8243; background_hover_color_opacity=&#8221;1&#8243; column_backdrop_filter=&#8221;none&#8221; column_shadow=&#8221;none&#8221; column_border_radius=&#8221;none&#8221; column_link_target=&#8221;_self&#8221; overflow=&#8221;visible&#8221; gradient_direction=&#8221;left_to_right&#8221; overlay_strength=&#8221;0.3&#8243; width=&#8221;1\/3&#8243; tablet_width_inherit=&#8221;default&#8221; animation_type=&#8221;default&#8221; bg_image_animation=&#8221;none&#8221; border_type=&#8221;simple&#8221; column_border_width=&#8221;none&#8221; column_border_style=&#8221;solid&#8221; column_padding_type=&#8221;default&#8221; gradient_type=&#8221;default&#8221;][vc_column_text css=&#8221;&#8221; text_direction=&#8221;default&#8221;]O Mat\u00e9rias tem sido divulgado em diferentes canais de comunica\u00e7\u00e3o.<\/p>\n<p><strong>A todos eles, o nosso agradecimento.<\/strong>[\/vc_column_text][\/vc_column_inner][vc_column_inner right_padding_desktop=&#8221;15%&#8221; right_padding_tablet=&#8221;0&#8243; column_element_direction_desktop=&#8221;default&#8221; column_element_spacing=&#8221;30px&#8221; desktop_text_alignment=&#8221;default&#8221; tablet_text_alignment=&#8221;default&#8221; phone_text_alignment=&#8221;default&#8221; background_color_opacity=&#8221;1&#8243; background_hover_color_opacity=&#8221;1&#8243; column_backdrop_filter=&#8221;none&#8221; column_shadow=&#8221;none&#8221; column_border_radius=&#8221;none&#8221; column_link_target=&#8221;_self&#8221; overflow=&#8221;visible&#8221; gradient_direction=&#8221;left_to_right&#8221; overlay_strength=&#8221;0.3&#8243; width=&#8221;2\/3&#8243; tablet_width_inherit=&#8221;default&#8221; animation_type=&#8221;default&#8221; bg_image_animation=&#8221;none&#8221; border_type=&#8221;simple&#8221; column_border_width=&#8221;none&#8221; column_border_style=&#8221;solid&#8221; column_padding_type=&#8221;advanced&#8221; gradient_type=&#8221;default&#8221;][nectar_responsive_text inherited_font_style=&#8221;default&#8221; font_size_desktop=&#8221;1.5em&#8221; font_line_height=&#8221;1.6&#8243; text_direction=&#8221;default&#8221; font_size_tablet=&#8221;1em&#8221;]<strong>Lista dos canais de divulga\u00e7\u00e3o e respetiva refer\u00eancia ao <em>Ondul\u00e2ncia<\/em>, primeiro projeto do Mat\u00e9rias<br \/>\n<\/strong><em><br \/>\n<\/em><a href=\"https:\/\/covilhacriativa.com\/blog\/2024\/08\/08\/fi_ada-2024\/\">FIADA<\/a><br \/>\n<a href=\"https:\/\/rcb-radiocovadabeira.pt\/mais-do-que-uma-mostra-fiada-2024-ja-abriu-no-jardim-das-artes\/\">R\u00e1dio Cova da Beira<\/a><br \/>\n<a href=\"https:\/\/radio-covilha.pt\/?s=projeto+mat%C3%A9rias\">R\u00e1dio Clube da Covilh\u00e3<\/a><br \/>\n<a href=\"https:\/\/www.dgartes.gov.pt\/pt\/evento\/8027\">Site dgARTES<\/a><br \/>\n<a href=\"https:\/\/www.belasartes.ulisboa.pt\/ondulancia\/\">Site da Faculdade de Belas Artes da Universidade de Lisboa<\/a><br \/>\n<a href=\"https:\/\/www.pportodosmuseus.pt\/2024\/11\/25\/ondulancia-do-projeto-materias-no-museu-de-lanificios-da-ubi\/\">PPorto.pt<\/a>[\/nectar_responsive_text][\/vc_column_inner][\/vc_row_inner][\/vc_column][\/vc_row]\n","protected":false},"excerpt":{"rendered":"<p>[vc_row type=&#8221;full_width_background&#8221; full_screen_row_position=&#8221;middle&#8221; column_margin=&#8221;default&#8221; column_direction=&#8221;default&#8221; column_direction_tablet=&#8221;default&#8221; column_direction_phone=&#8221;default&#8221; scene_position=&#8221;center&#8221; top_padding=&#8221;6%&#8221; constrain_group_1=&#8221;yes&#8221; bottom_padding=&#8221;6%&#8221; text_color=&#8221;dark&#8221; text_align=&#8221;left&#8221; row_border_radius=&#8221;none&#8221; row_border_radius_applies=&#8221;bg&#8221; overflow=&#8221;visible&#8221; overlay_strength=&#8221;0.3&#8243; gradient_direction=&#8221;left_to_right&#8221; shape_divider_position=&#8221;bottom&#8221; bg_image_animation=&#8221;none&#8221; gradient_type=&#8221;default&#8221; shape_type=&#8221;&#8221;][vc_column column_padding=&#8221;no-extra-padding&#8221; column_padding_tablet=&#8221;inherit&#8221; column_padding_phone=&#8221;inherit&#8221; column_padding_position=&#8221;all&#8221; column_element_direction_desktop=&#8221;default&#8221; column_element_spacing=&#8221;default&#8221; desktop_text_alignment=&#8221;default&#8221; tablet_text_alignment=&#8221;default&#8221;&#8230;<\/p>\n","protected":false},"author":1,"featured_media":0,"parent":0,"menu_order":0,"comment_status":"closed","ping_status":"closed","template":"","meta":{"footnotes":""},"class_list":["post-1468","page","type-page","status-publish"],"yoast_head":"<!-- This site is optimized with the Yoast SEO plugin v25.0 - https:\/\/yoast.com\/wordpress\/plugins\/seo\/ -->\n<title>Media - Mat\u00e9rias<\/title>\n<meta name=\"robots\" content=\"index, follow, max-snippet:-1, max-image-preview:large, max-video-preview:-1\" \/>\n<link rel=\"canonical\" href=\"https:\/\/projeto-materias.pt\/index.php\/media\/\" \/>\n<meta property=\"og:locale\" content=\"pt_PT\" \/>\n<meta property=\"og:type\" content=\"article\" \/>\n<meta property=\"og:title\" content=\"Media - Mat\u00e9rias\" \/>\n<meta property=\"og:description\" content=\"[vc_row type=&#8221;full_width_background&#8221; full_screen_row_position=&#8221;middle&#8221; column_margin=&#8221;default&#8221; column_direction=&#8221;default&#8221; column_direction_tablet=&#8221;default&#8221; column_direction_phone=&#8221;default&#8221; scene_position=&#8221;center&#8221; top_padding=&#8221;6%&#8221; constrain_group_1=&#8221;yes&#8221; bottom_padding=&#8221;6%&#8221; text_color=&#8221;dark&#8221; text_align=&#8221;left&#8221; row_border_radius=&#8221;none&#8221; row_border_radius_applies=&#8221;bg&#8221; overflow=&#8221;visible&#8221; overlay_strength=&#8221;0.3&#8243; gradient_direction=&#8221;left_to_right&#8221; shape_divider_position=&#8221;bottom&#8221; bg_image_animation=&#8221;none&#8221; gradient_type=&#8221;default&#8221; shape_type=&#8221;&#8221;][vc_column column_padding=&#8221;no-extra-padding&#8221; column_padding_tablet=&#8221;inherit&#8221; column_padding_phone=&#8221;inherit&#8221; column_padding_position=&#8221;all&#8221; column_element_direction_desktop=&#8221;default&#8221; column_element_spacing=&#8221;default&#8221; desktop_text_alignment=&#8221;default&#8221; tablet_text_alignment=&#8221;default&#8221;...\" \/>\n<meta property=\"og:url\" content=\"https:\/\/projeto-materias.pt\/index.php\/media\/\" \/>\n<meta property=\"og:site_name\" content=\"Mat\u00e9rias\" \/>\n<meta property=\"article:publisher\" content=\"https:\/\/www.facebook.com\/profile.php?id=61555818935788&amp;sk=about&amp;locale=pt_PT\" \/>\n<meta property=\"article:modified_time\" content=\"2025-05-01T13:13:23+00:00\" \/>\n<meta name=\"twitter:card\" content=\"summary_large_image\" \/>\n<meta name=\"twitter:label1\" content=\"Tempo estimado de leitura\" \/>\n\t<meta name=\"twitter:data1\" content=\"1 minuto\" \/>\n<script type=\"application\/ld+json\" class=\"yoast-schema-graph\">{\"@context\":\"https:\/\/schema.org\",\"@graph\":[{\"@type\":\"WebPage\",\"@id\":\"https:\/\/projeto-materias.pt\/index.php\/media\/\",\"url\":\"https:\/\/projeto-materias.pt\/index.php\/media\/\",\"name\":\"Media - Mat\u00e9rias\",\"isPartOf\":{\"@id\":\"https:\/\/projeto-materias.pt\/#website\"},\"datePublished\":\"2025-04-18T18:58:18+00:00\",\"dateModified\":\"2025-05-01T13:13:23+00:00\",\"breadcrumb\":{\"@id\":\"https:\/\/projeto-materias.pt\/index.php\/media\/#breadcrumb\"},\"inLanguage\":\"pt-PT\",\"potentialAction\":[{\"@type\":\"ReadAction\",\"target\":[\"https:\/\/projeto-materias.pt\/index.php\/media\/\"]}]},{\"@type\":\"BreadcrumbList\",\"@id\":\"https:\/\/projeto-materias.pt\/index.php\/media\/#breadcrumb\",\"itemListElement\":[{\"@type\":\"ListItem\",\"position\":1,\"name\":\"Home\",\"item\":\"https:\/\/projeto-materias.pt\/\"},{\"@type\":\"ListItem\",\"position\":2,\"name\":\"Media\"}]},{\"@type\":\"WebSite\",\"@id\":\"https:\/\/projeto-materias.pt\/#website\",\"url\":\"https:\/\/projeto-materias.pt\/\",\"name\":\"Mat\u00e9rias\",\"description\":\"\",\"publisher\":{\"@id\":\"https:\/\/projeto-materias.pt\/#organization\"},\"potentialAction\":[{\"@type\":\"SearchAction\",\"target\":{\"@type\":\"EntryPoint\",\"urlTemplate\":\"https:\/\/projeto-materias.pt\/?s={search_term_string}\"},\"query-input\":{\"@type\":\"PropertyValueSpecification\",\"valueRequired\":true,\"valueName\":\"search_term_string\"}}],\"inLanguage\":\"pt-PT\"},{\"@type\":\"Organization\",\"@id\":\"https:\/\/projeto-materias.pt\/#organization\",\"name\":\"Mat\u00e9rias\",\"url\":\"https:\/\/projeto-materias.pt\/\",\"logo\":{\"@type\":\"ImageObject\",\"inLanguage\":\"pt-PT\",\"@id\":\"https:\/\/projeto-materias.pt\/#\/schema\/logo\/image\/\",\"url\":\"https:\/\/projeto-materias.pt\/wp-content\/uploads\/2025\/04\/Logotipo-1.png\",\"contentUrl\":\"https:\/\/projeto-materias.pt\/wp-content\/uploads\/2025\/04\/Logotipo-1.png\",\"width\":220,\"height\":64,\"caption\":\"Mat\u00e9rias\"},\"image\":{\"@id\":\"https:\/\/projeto-materias.pt\/#\/schema\/logo\/image\/\"},\"sameAs\":[\"https:\/\/www.facebook.com\/profile.php?id=61555818935788&sk=about&locale=pt_PT\",\"https:\/\/www.instagram.com\/projetomaterias\/\"]}]}<\/script>\n<!-- \/ Yoast SEO plugin. -->","yoast_head_json":{"title":"Media - Mat\u00e9rias","robots":{"index":"index","follow":"follow","max-snippet":"max-snippet:-1","max-image-preview":"max-image-preview:large","max-video-preview":"max-video-preview:-1"},"canonical":"https:\/\/projeto-materias.pt\/index.php\/media\/","og_locale":"pt_PT","og_type":"article","og_title":"Media - Mat\u00e9rias","og_description":"[vc_row type=&#8221;full_width_background&#8221; full_screen_row_position=&#8221;middle&#8221; column_margin=&#8221;default&#8221; column_direction=&#8221;default&#8221; column_direction_tablet=&#8221;default&#8221; column_direction_phone=&#8221;default&#8221; scene_position=&#8221;center&#8221; top_padding=&#8221;6%&#8221; constrain_group_1=&#8221;yes&#8221; bottom_padding=&#8221;6%&#8221; text_color=&#8221;dark&#8221; text_align=&#8221;left&#8221; row_border_radius=&#8221;none&#8221; row_border_radius_applies=&#8221;bg&#8221; overflow=&#8221;visible&#8221; overlay_strength=&#8221;0.3&#8243; gradient_direction=&#8221;left_to_right&#8221; shape_divider_position=&#8221;bottom&#8221; bg_image_animation=&#8221;none&#8221; gradient_type=&#8221;default&#8221; shape_type=&#8221;&#8221;][vc_column column_padding=&#8221;no-extra-padding&#8221; column_padding_tablet=&#8221;inherit&#8221; column_padding_phone=&#8221;inherit&#8221; column_padding_position=&#8221;all&#8221; column_element_direction_desktop=&#8221;default&#8221; column_element_spacing=&#8221;default&#8221; desktop_text_alignment=&#8221;default&#8221; tablet_text_alignment=&#8221;default&#8221;...","og_url":"https:\/\/projeto-materias.pt\/index.php\/media\/","og_site_name":"Mat\u00e9rias","article_publisher":"https:\/\/www.facebook.com\/profile.php?id=61555818935788&sk=about&locale=pt_PT","article_modified_time":"2025-05-01T13:13:23+00:00","twitter_card":"summary_large_image","twitter_misc":{"Tempo estimado de leitura":"1 minuto"},"schema":{"@context":"https:\/\/schema.org","@graph":[{"@type":"WebPage","@id":"https:\/\/projeto-materias.pt\/index.php\/media\/","url":"https:\/\/projeto-materias.pt\/index.php\/media\/","name":"Media - Mat\u00e9rias","isPartOf":{"@id":"https:\/\/projeto-materias.pt\/#website"},"datePublished":"2025-04-18T18:58:18+00:00","dateModified":"2025-05-01T13:13:23+00:00","breadcrumb":{"@id":"https:\/\/projeto-materias.pt\/index.php\/media\/#breadcrumb"},"inLanguage":"pt-PT","potentialAction":[{"@type":"ReadAction","target":["https:\/\/projeto-materias.pt\/index.php\/media\/"]}]},{"@type":"BreadcrumbList","@id":"https:\/\/projeto-materias.pt\/index.php\/media\/#breadcrumb","itemListElement":[{"@type":"ListItem","position":1,"name":"Home","item":"https:\/\/projeto-materias.pt\/"},{"@type":"ListItem","position":2,"name":"Media"}]},{"@type":"WebSite","@id":"https:\/\/projeto-materias.pt\/#website","url":"https:\/\/projeto-materias.pt\/","name":"Mat\u00e9rias","description":"","publisher":{"@id":"https:\/\/projeto-materias.pt\/#organization"},"potentialAction":[{"@type":"SearchAction","target":{"@type":"EntryPoint","urlTemplate":"https:\/\/projeto-materias.pt\/?s={search_term_string}"},"query-input":{"@type":"PropertyValueSpecification","valueRequired":true,"valueName":"search_term_string"}}],"inLanguage":"pt-PT"},{"@type":"Organization","@id":"https:\/\/projeto-materias.pt\/#organization","name":"Mat\u00e9rias","url":"https:\/\/projeto-materias.pt\/","logo":{"@type":"ImageObject","inLanguage":"pt-PT","@id":"https:\/\/projeto-materias.pt\/#\/schema\/logo\/image\/","url":"https:\/\/projeto-materias.pt\/wp-content\/uploads\/2025\/04\/Logotipo-1.png","contentUrl":"https:\/\/projeto-materias.pt\/wp-content\/uploads\/2025\/04\/Logotipo-1.png","width":220,"height":64,"caption":"Mat\u00e9rias"},"image":{"@id":"https:\/\/projeto-materias.pt\/#\/schema\/logo\/image\/"},"sameAs":["https:\/\/www.facebook.com\/profile.php?id=61555818935788&sk=about&locale=pt_PT","https:\/\/www.instagram.com\/projetomaterias\/"]}]}},"_links":{"self":[{"href":"https:\/\/projeto-materias.pt\/index.php\/wp-json\/wp\/v2\/pages\/1468","targetHints":{"allow":["GET"]}}],"collection":[{"href":"https:\/\/projeto-materias.pt\/index.php\/wp-json\/wp\/v2\/pages"}],"about":[{"href":"https:\/\/projeto-materias.pt\/index.php\/wp-json\/wp\/v2\/types\/page"}],"author":[{"embeddable":true,"href":"https:\/\/projeto-materias.pt\/index.php\/wp-json\/wp\/v2\/users\/1"}],"replies":[{"embeddable":true,"href":"https:\/\/projeto-materias.pt\/index.php\/wp-json\/wp\/v2\/comments?post=1468"}],"version-history":[{"count":6,"href":"https:\/\/projeto-materias.pt\/index.php\/wp-json\/wp\/v2\/pages\/1468\/revisions"}],"predecessor-version":[{"id":1697,"href":"https:\/\/projeto-materias.pt\/index.php\/wp-json\/wp\/v2\/pages\/1468\/revisions\/1697"}],"wp:attachment":[{"href":"https:\/\/projeto-materias.pt\/index.php\/wp-json\/wp\/v2\/media?parent=1468"}],"curies":[{"name":"wp","href":"https:\/\/api.w.org\/{rel}","templated":true}]}}